{"id":921,"date":"2024-03-15T17:20:41","date_gmt":"2024-03-15T16:20:41","guid":{"rendered":"http:\/\/192.168.64.105\/GitHub\/vinoteka-sodcek\/trgovina\/uncategorized\/prus-rumeni-muskat-izbor\/"},"modified":"2026-01-08T10:35:38","modified_gmt":"2026-01-08T09:35:38","slug":"prus-rumeni-muskat-izbor","status":"publish","type":"product","link":"https:\/\/vinoteka-sodcek.si\/en\/shop\/wines\/white-wines\/prus-rumeni-muskat-izbor\/","title":{"rendered":"Rumeni mu\u0161kat &#8211; selection"},"content":{"rendered":"<p>The grapes are harvested one to one and a half months after the regular yellow muscat harvest, when the opportunity arises. After fermentation, the grapes are left to ripen in an inox tank for a year.<\/p>\n<p>It is a delicate lemon-yellow colour. The bouquet is pronounced, youthful and offers a varied, ripe Muscat bouquet reminiscent of grapes, ripe yellow fruits, lime, dried apricots, figs and raisins. On the palate the wine is sweet, the acids are higher and nicely balance the sweetness. It is medium-bodied, with an intense character.<\/p>\n","protected":false},"excerpt":{"rendered":"<p>The grapes are harvested one to one and a half months after the regular yellow muscat harvest, when the opportunity arises. After fermentation, the grapes are left to ripen in an&#8230;<\/p>\n","protected":false},"featured_media":920,"template":"","meta":[],"product_cat":[19],"product_tag":[],"acf":[],"yoast_head":"<!-- This site is optimized with the Yoast SEO plugin v22.2 - https:\/\/yoast.com\/wordpress\/plugins\/seo\/ -->\n<title>Rumeni mu\u0161kat - selection | Vinoteka Sod\u010dek<\/title>\n<meta name=\"description\" content=\"Rumeni mu\u0161kat izbor Prus is a delicate lemon-yellow colour. The flower is accentuated, youthful and offers a variegated, ripe muscadine flower.\" \/>\n<meta name=\"robots\" content=\"index, follow, max-snippet:-1, max-image-preview:large, max-video-preview:-1\" \/>\n<meta property=\"og:locale\" content=\"en_US\" \/>\n<meta property=\"og:type\" content=\"article\" \/>\n<meta property=\"og:title\" content=\"Rumeni mu\u0161kat - selection\" \/>\n<meta property=\"og:description\" content=\"Rumeni mu\u0161kat izbor Prus is a delicate lemon-yellow colour. The flower is accentuated, youthful and offers a variegated, ripe muscadine flower.\" \/>\n<meta property=\"og:url\" content=\"https:\/\/vinoteka-sodcek.si\/en\/shop\/wines\/white-wines\/prus-rumeni-muskat-izbor\/\" \/>\n<meta property=\"og:site_name\" content=\"Vinoteka Sod\u010dek\" \/>\n<meta property=\"article:publisher\" content=\"https:\/\/www.facebook.com\/vinotekasodcek\/\" \/>\n<meta property=\"article:modified_time\" content=\"2026-01-08T09:35:38+00:00\" \/>\n<meta property=\"og:image\" content=\"https:\/\/vinoteka-sodcek.si\/wp-content\/uploads\/prus-rumeni-muskat-PT.jpg\" \/>\n\t<meta property=\"og:image:width\" content=\"126\" \/>\n\t<meta property=\"og:image:height\" content=\"654\" \/>\n\t<meta property=\"og:image:type\" content=\"image\/jpeg\" \/>\n<meta name=\"twitter:card\" content=\"summary_large_image\" \/>\n<!-- \/ Yoast SEO plugin. -->","yoast_head_json":{"title":"Rumeni mu\u0161kat - selection | Vinoteka Sod\u010dek","description":"[:sl]Rumeni mu\u0161kat izbor Prus je ne\u017ene limonasto rumene barve. Cvetica je poudarjena, mladostna in ponuja pestro, zrelo mu\u0161katno cvetico, ki spominja na grozdje.[:en]Rumeni mu\u0161kat izbor Prus is a delicate lemon-yellow colour. The flower is accentuated, youthful and offers a variegated, ripe muscadine flower.[:]","robots":{"index":"index","follow":"follow","max-snippet":"max-snippet:-1","max-image-preview":"max-image-preview:large","max-video-preview":"max-video-preview:-1"},"og_locale":"en_US","og_type":"article","og_title":"[:sl]Rumeni mu\u0161kat - izbor[:en]Rumeni mu\u0161kat - selection[:] | Vinoteka Sod\u010dek","og_description":"[:sl]Rumeni mu\u0161kat izbor Prus je ne\u017ene limonasto rumene barve. Cvetica je poudarjena, mladostna in ponuja pestro, zrelo mu\u0161katno cvetico, ki spominja na grozdje.[:en]Rumeni mu\u0161kat izbor Prus is a delicate lemon-yellow colour. The flower is accentuated, youthful and offers a variegated, ripe muscadine flower.[:]","og_url":"https:\/\/vinoteka-sodcek.si\/en\/shop\/wines\/white-wines\/prus-rumeni-muskat-izbor\/","og_site_name":"Vinoteka Sod\u010dek","article_publisher":"https:\/\/www.facebook.com\/vinotekasodcek\/","article_modified_time":"2026-01-08T09:35:38+00:00","og_image":[{"width":126,"height":654,"url":"https:\/\/vinoteka-sodcek.si\/wp-content\/uploads\/prus-rumeni-muskat-PT.jpg","type":"image\/jpeg"}],"twitter_card":"summary_large_image","schema":{"@context":"https:\/\/schema.org","@graph":[{"@type":"WebPage","@id":"https:\/\/vinoteka-sodcek.si\/trgovina\/vina\/bela-vina\/prus-rumeni-muskat-izbor\/","url":"https:\/\/vinoteka-sodcek.si\/trgovina\/vina\/bela-vina\/prus-rumeni-muskat-izbor\/","name":"[:sl]Rumeni mu\u0161kat - izbor[:en]Rumeni mu\u0161kat - selection[:] | Vinoteka Sod\u010dek","isPartOf":{"@id":"https:\/\/vinoteka-sodcek.si\/#website"},"primaryImageOfPage":{"@id":"https:\/\/vinoteka-sodcek.si\/trgovina\/vina\/bela-vina\/prus-rumeni-muskat-izbor\/#primaryimage"},"image":{"@id":"https:\/\/vinoteka-sodcek.si\/trgovina\/vina\/bela-vina\/prus-rumeni-muskat-izbor\/#primaryimage"},"thumbnailUrl":"https:\/\/vinoteka-sodcek.si\/wp-content\/uploads\/prus-rumeni-muskat-PT.jpg","datePublished":"2024-03-15T16:20:41+00:00","dateModified":"2026-01-08T09:35:38+00:00","description":"[:sl]Rumeni mu\u0161kat izbor Prus je ne\u017ene limonasto rumene barve. Cvetica je poudarjena, mladostna in ponuja pestro, zrelo mu\u0161katno cvetico, ki spominja na grozdje.[:en]Rumeni mu\u0161kat izbor Prus is a delicate lemon-yellow colour. The flower is accentuated, youthful and offers a variegated, ripe muscadine flower.[:]","breadcrumb":{"@id":"https:\/\/vinoteka-sodcek.si\/trgovina\/vina\/bela-vina\/prus-rumeni-muskat-izbor\/#breadcrumb"},"inLanguage":"en-US","potentialAction":[{"@type":"ReadAction","target":["https:\/\/vinoteka-sodcek.si\/trgovina\/vina\/bela-vina\/prus-rumeni-muskat-izbor\/"]}]},{"@type":"ImageObject","inLanguage":"en-US","@id":"https:\/\/vinoteka-sodcek.si\/trgovina\/vina\/bela-vina\/prus-rumeni-muskat-izbor\/#primaryimage","url":"https:\/\/vinoteka-sodcek.si\/wp-content\/uploads\/prus-rumeni-muskat-PT.jpg","contentUrl":"https:\/\/vinoteka-sodcek.si\/wp-content\/uploads\/prus-rumeni-muskat-PT.jpg","width":126,"height":654},{"@type":"BreadcrumbList","@id":"https:\/\/vinoteka-sodcek.si\/trgovina\/vina\/bela-vina\/prus-rumeni-muskat-izbor\/#breadcrumb","itemListElement":[{"@type":"ListItem","position":1,"name":"Home","item":"https:\/\/vinoteka-sodcek.si\/en\/"},{"@type":"ListItem","position":2,"name":"Trgovina","item":"https:\/\/vinoteka-sodcek.si\/trgovina\/"},{"@type":"ListItem","position":3,"name":"Rumeni mu\u0161kat &#8211; izbor"}]},{"@type":"WebSite","@id":"https:\/\/vinoteka-sodcek.si\/#website","url":"https:\/\/vinoteka-sodcek.si\/","name":"Vinoteka Sod\u010dek","description":"Vinoteka z vrhunskimi vini","publisher":{"@id":"https:\/\/vinoteka-sodcek.si\/#organization"},"potentialAction":[{"@type":"SearchAction","target":{"@type":"EntryPoint","urlTemplate":"https:\/\/vinoteka-sodcek.si\/?s={search_term_string}"},"query-input":"required name=search_term_string"}],"inLanguage":"en-US"},{"@type":"Organization","@id":"https:\/\/vinoteka-sodcek.si\/#organization","name":"Vinoteka Sod\u010dek, Ale\u0161 \u010ceba\u0161ek s.p.","url":"https:\/\/vinoteka-sodcek.si\/","logo":{"@type":"ImageObject","inLanguage":"en-US","@id":"https:\/\/vinoteka-sodcek.si\/#\/schema\/logo\/image\/","url":"https:\/\/beta.vinoteka-sodcek.si\/wp-content\/uploads\/vinoteka-sodcek-logo.png","contentUrl":"https:\/\/beta.vinoteka-sodcek.si\/wp-content\/uploads\/vinoteka-sodcek-logo.png","width":300,"height":90,"caption":"Vinoteka Sod\u010dek, Ale\u0161 \u010ceba\u0161ek s.p."},"image":{"@id":"https:\/\/vinoteka-sodcek.si\/#\/schema\/logo\/image\/"},"sameAs":["https:\/\/www.facebook.com\/vinotekasodcek\/"]}]}},"_links":{"self":[{"href":"https:\/\/vinoteka-sodcek.si\/en\/wp-json\/\/wp\/v2\/product\/921"}],"collection":[{"href":"https:\/\/vinoteka-sodcek.si\/en\/wp-json\/\/wp\/v2\/product"}],"about":[{"href":"https:\/\/vinoteka-sodcek.si\/en\/wp-json\/\/wp\/v2\/types\/product"}],"wp:featuredmedia":[{"embeddable":true,"href":"https:\/\/vinoteka-sodcek.si\/en\/wp-json\/\/wp\/v2\/media\/920"}],"wp:attachment":[{"href":"https:\/\/vinoteka-sodcek.si\/en\/wp-json\/\/wp\/v2\/media?parent=921"}],"wp:term":[{"taxonomy":"product_cat","embeddable":true,"href":"https:\/\/vinoteka-sodcek.si\/en\/wp-json\/\/wp\/v2\/product_cat?post=921"},{"taxonomy":"product_tag","embeddable":true,"href":"https:\/\/vinoteka-sodcek.si\/en\/wp-json\/\/wp\/v2\/product_tag?post=921"}],"curies":[{"name":"wp","href":"https:\/\/api.w.org\/{rel}","templated":true}]}}