{"id":923,"date":"2024-03-15T17:20:41","date_gmt":"2024-03-15T16:20:41","guid":{"rendered":"http:\/\/192.168.64.105\/GitHub\/vinoteka-sodcek\/trgovina\/uncategorized\/prus-rdeci-trio\/"},"modified":"2025-04-30T14:58:25","modified_gmt":"2025-04-30T13:58:25","slug":"prus-rdeci-trio","status":"publish","type":"product","link":"https:\/\/vinoteka-sodcek.si\/en\/shop\/wines\/red-wines\/prus-rdeci-trio\/","title":{"rendered":"Red trio"},"content":{"rendered":"<p>Red trio contains carefully selected and ripe grapes from their best vineyards and only in excellent vintages.<\/p>\n<p>Each varietal has been macerated separately and then matured for two years in new barrique 225l barrels.<\/p>\n<p>It is dark ruby in colour, with a fruity nose of black cherry, dark berry, ripe plum, even dark chocolate. On the palate, in addition to the nose, there are subtle spices from the wood in which the wine has been aged. Thanks to a few grams of unadulterated sugar, a nice drinking wine.<\/p>\n","protected":false},"excerpt":{"rendered":"<p>Red trio contains carefully selected and ripe grapes from their best vineyards and only in excellent vintages. Each varietal has been macerated separately and then matured for two years in new&#8230;<\/p>\n","protected":false},"featured_media":922,"template":"","meta":[],"product_cat":[20],"product_tag":[],"acf":[],"yoast_head":"<!-- This site is optimized with the Yoast SEO plugin v22.2 - https:\/\/yoast.com\/wordpress\/plugins\/seo\/ -->\n<title>Red trio | Vinoteka Sod\u010dek<\/title>\n<meta name=\"description\" content=\"Red trio Prus trio is dark ruby in colour, with a fruity nose of black cherry, dark berries, ripe plum, also dark chocolate.\" \/>\n<meta name=\"robots\" content=\"index, follow, max-snippet:-1, max-image-preview:large, max-video-preview:-1\" \/>\n<meta property=\"og:locale\" content=\"en_US\" \/>\n<meta property=\"og:type\" content=\"article\" \/>\n<meta property=\"og:title\" content=\"Red trio\" \/>\n<meta property=\"og:description\" content=\"Red trio Prus trio is dark ruby in colour, with a fruity nose of black cherry, dark berries, ripe plum, also dark chocolate.\" \/>\n<meta property=\"og:url\" content=\"https:\/\/vinoteka-sodcek.si\/en\/shop\/wines\/red-wines\/prus-rdeci-trio\/\" \/>\n<meta property=\"og:site_name\" content=\"Vinoteka Sod\u010dek\" \/>\n<meta property=\"article:publisher\" content=\"https:\/\/www.facebook.com\/vinotekasodcek\/\" \/>\n<meta property=\"article:modified_time\" content=\"2025-04-30T13:58:25+00:00\" \/>\n<meta property=\"og:image\" content=\"https:\/\/vinoteka-sodcek.si\/wp-content\/uploads\/prus-rdeci-trio.jpg\" \/>\n\t<meta property=\"og:image:width\" content=\"162\" \/>\n\t<meta property=\"og:image:height\" content=\"649\" \/>\n\t<meta property=\"og:image:type\" content=\"image\/jpeg\" \/>\n<meta name=\"twitter:card\" content=\"summary_large_image\" \/>\n<!-- \/ Yoast SEO plugin. -->","yoast_head_json":{"title":"Red trio | Vinoteka Sod\u010dek","description":"[:sl]Rde\u010di trio Prus je temno rubinaste barve, sadnega vonja \u010drne \u010de\u0161nje, temnega jagodi\u010devja, zrele slive, tudi temne \u010dokolade.[:en]Red trio Prus trio is dark ruby in colour, with a fruity nose of black cherry, dark berries, ripe plum, also dark chocolate.[:]","robots":{"index":"index","follow":"follow","max-snippet":"max-snippet:-1","max-image-preview":"max-image-preview:large","max-video-preview":"max-video-preview:-1"},"og_locale":"en_US","og_type":"article","og_title":"[:sl]Rde\u010di trio[:en]Red trio[:] | Vinoteka Sod\u010dek","og_description":"[:sl]Rde\u010di trio Prus je temno rubinaste barve, sadnega vonja \u010drne \u010de\u0161nje, temnega jagodi\u010devja, zrele slive, tudi temne \u010dokolade.[:en]Red trio Prus trio is dark ruby in colour, with a fruity nose of black cherry, dark berries, ripe plum, also dark chocolate.[:]","og_url":"https:\/\/vinoteka-sodcek.si\/en\/shop\/wines\/red-wines\/prus-rdeci-trio\/","og_site_name":"Vinoteka Sod\u010dek","article_publisher":"https:\/\/www.facebook.com\/vinotekasodcek\/","article_modified_time":"2025-04-30T13:58:25+00:00","og_image":[{"width":162,"height":649,"url":"https:\/\/vinoteka-sodcek.si\/wp-content\/uploads\/prus-rdeci-trio.jpg","type":"image\/jpeg"}],"twitter_card":"summary_large_image","schema":{"@context":"https:\/\/schema.org","@graph":[{"@type":"WebPage","@id":"https:\/\/vinoteka-sodcek.si\/en\/shop\/wines\/red-wines\/prus-rdeci-trio\/","url":"https:\/\/vinoteka-sodcek.si\/en\/shop\/wines\/red-wines\/prus-rdeci-trio\/","name":"[:sl]Rde\u010di trio[:en]Red trio[:] | Vinoteka Sod\u010dek","isPartOf":{"@id":"https:\/\/vinoteka-sodcek.si\/#website"},"primaryImageOfPage":{"@id":"https:\/\/vinoteka-sodcek.si\/en\/shop\/wines\/red-wines\/prus-rdeci-trio\/#primaryimage"},"image":{"@id":"https:\/\/vinoteka-sodcek.si\/en\/shop\/wines\/red-wines\/prus-rdeci-trio\/#primaryimage"},"thumbnailUrl":"https:\/\/vinoteka-sodcek.si\/wp-content\/uploads\/prus-rdeci-trio.jpg","datePublished":"2024-03-15T16:20:41+00:00","dateModified":"2025-04-30T13:58:25+00:00","description":"[:sl]Rde\u010di trio Prus je temno rubinaste barve, sadnega vonja \u010drne \u010de\u0161nje, temnega jagodi\u010devja, zrele slive, tudi temne \u010dokolade.[:en]Red trio Prus trio is dark ruby in colour, with a fruity nose of black cherry, dark berries, ripe plum, also dark chocolate.[:]","breadcrumb":{"@id":"https:\/\/vinoteka-sodcek.si\/en\/shop\/wines\/red-wines\/prus-rdeci-trio\/#breadcrumb"},"inLanguage":"en-US","potentialAction":[{"@type":"ReadAction","target":["https:\/\/vinoteka-sodcek.si\/en\/shop\/wines\/red-wines\/prus-rdeci-trio\/"]}]},{"@type":"ImageObject","inLanguage":"en-US","@id":"https:\/\/vinoteka-sodcek.si\/en\/shop\/wines\/red-wines\/prus-rdeci-trio\/#primaryimage","url":"https:\/\/vinoteka-sodcek.si\/wp-content\/uploads\/prus-rdeci-trio.jpg","contentUrl":"https:\/\/vinoteka-sodcek.si\/wp-content\/uploads\/prus-rdeci-trio.jpg","width":162,"height":649},{"@type":"BreadcrumbList","@id":"https:\/\/vinoteka-sodcek.si\/en\/shop\/wines\/red-wines\/prus-rdeci-trio\/#breadcrumb","itemListElement":[{"@type":"ListItem","position":1,"name":"Home","item":"https:\/\/vinoteka-sodcek.si\/en\/"},{"@type":"ListItem","position":2,"name":"Trgovina","item":"https:\/\/vinoteka-sodcek.si\/trgovina\/"},{"@type":"ListItem","position":3,"name":"Red trio"}]},{"@type":"WebSite","@id":"https:\/\/vinoteka-sodcek.si\/#website","url":"https:\/\/vinoteka-sodcek.si\/","name":"Vinoteka Sod\u010dek","description":"Vinoteka z vrhunskimi vini","publisher":{"@id":"https:\/\/vinoteka-sodcek.si\/#organization"},"potentialAction":[{"@type":"SearchAction","target":{"@type":"EntryPoint","urlTemplate":"https:\/\/vinoteka-sodcek.si\/?s={search_term_string}"},"query-input":"required name=search_term_string"}],"inLanguage":"en-US"},{"@type":"Organization","@id":"https:\/\/vinoteka-sodcek.si\/#organization","name":"Vinoteka Sod\u010dek, Ale\u0161 \u010ceba\u0161ek s.p.","url":"https:\/\/vinoteka-sodcek.si\/","logo":{"@type":"ImageObject","inLanguage":"en-US","@id":"https:\/\/vinoteka-sodcek.si\/#\/schema\/logo\/image\/","url":"https:\/\/beta.vinoteka-sodcek.si\/wp-content\/uploads\/vinoteka-sodcek-logo.png","contentUrl":"https:\/\/beta.vinoteka-sodcek.si\/wp-content\/uploads\/vinoteka-sodcek-logo.png","width":300,"height":90,"caption":"Vinoteka Sod\u010dek, Ale\u0161 \u010ceba\u0161ek s.p."},"image":{"@id":"https:\/\/vinoteka-sodcek.si\/#\/schema\/logo\/image\/"},"sameAs":["https:\/\/www.facebook.com\/vinotekasodcek\/"]}]}},"_links":{"self":[{"href":"https:\/\/vinoteka-sodcek.si\/en\/wp-json\/\/wp\/v2\/product\/923"}],"collection":[{"href":"https:\/\/vinoteka-sodcek.si\/en\/wp-json\/\/wp\/v2\/product"}],"about":[{"href":"https:\/\/vinoteka-sodcek.si\/en\/wp-json\/\/wp\/v2\/types\/product"}],"wp:featuredmedia":[{"embeddable":true,"href":"https:\/\/vinoteka-sodcek.si\/en\/wp-json\/\/wp\/v2\/media\/922"}],"wp:attachment":[{"href":"https:\/\/vinoteka-sodcek.si\/en\/wp-json\/\/wp\/v2\/media?parent=923"}],"wp:term":[{"taxonomy":"product_cat","embeddable":true,"href":"https:\/\/vinoteka-sodcek.si\/en\/wp-json\/\/wp\/v2\/product_cat?post=923"},{"taxonomy":"product_tag","embeddable":true,"href":"https:\/\/vinoteka-sodcek.si\/en\/wp-json\/\/wp\/v2\/product_tag?post=923"}],"curies":[{"name":"wp","href":"https:\/\/api.w.org\/{rel}","templated":true}]}}