{"id":927,"date":"2024-03-15T17:20:41","date_gmt":"2024-03-15T16:20:41","guid":{"rendered":"http:\/\/192.168.64.105\/GitHub\/vinoteka-sodcek\/trgovina\/uncategorized\/limbay-gin-02l\/"},"modified":"2024-03-15T17:20:41","modified_gmt":"2024-03-15T16:20:41","slug":"limbay-gin-02l","status":"publish","type":"product","link":"https:\/\/vinoteka-sodcek.si\/en\/shop\/gin\/limbay-gin-02l\/","title":{"rendered":"Limbay Gin 0,2l"},"content":{"rendered":"<p>Limbay Gin is handmade and made according to the old tradition in a small home distillery created in 1954.<\/p>\n<p>The Limbay Gina taste is typical of the Adriatic Sea. It is carefully distilled and cold combined with twelve selected flowers, herbs and spices, hand -harvested in beautiful Istria and Karst. An aged in oak barrels, immersed between ostigs at the bottom of the Lim channel and spiced with a sea dill from the shore.<\/p>\n","protected":false},"excerpt":{"rendered":"<p>Limbay Gin is handmade and made according to the old tradition in a small home distillery created in 1954. The Limbay Gina taste is typical of the Adriatic Sea. It is&#8230;<\/p>\n","protected":false},"featured_media":926,"template":"","meta":[],"product_cat":[24],"product_tag":[],"acf":[],"yoast_head":"<!-- This site is optimized with the Yoast SEO plugin v22.2 - https:\/\/yoast.com\/wordpress\/plugins\/seo\/ -->\n<title>Limbay Gin 0,2l | Vinoteka Sod\u010dek<\/title>\n<meta name=\"robots\" content=\"index, follow, max-snippet:-1, max-image-preview:large, max-video-preview:-1\" \/>\n<meta property=\"og:locale\" content=\"en_US\" \/>\n<meta property=\"og:type\" content=\"article\" \/>\n<meta property=\"og:title\" content=\"Limbay Gin 0,2l\" \/>\n<meta property=\"og:description\" content=\"Limbay Gin is handmade and made according to the old tradition in a small home distillery created in 1954. The Limbay Gina taste is typical of the Adriatic Sea. It is...\" \/>\n<meta property=\"og:url\" content=\"https:\/\/vinoteka-sodcek.si\/en\/shop\/gin\/limbay-gin-02l\/\" \/>\n<meta property=\"og:site_name\" content=\"Vinoteka Sod\u010dek\" \/>\n<meta property=\"article:publisher\" content=\"https:\/\/www.facebook.com\/vinotekasodcek\/\" \/>\n<meta property=\"og:image\" content=\"https:\/\/vinoteka-sodcek.si\/wp-content\/uploads\/gin02.jpg\" \/>\n\t<meta property=\"og:image:width\" content=\"514\" \/>\n\t<meta property=\"og:image:height\" content=\"773\" \/>\n\t<meta property=\"og:image:type\" content=\"image\/jpeg\" \/>\n<meta name=\"twitter:card\" content=\"summary_large_image\" \/>\n<!-- \/ Yoast SEO plugin. -->","yoast_head_json":{"title":"Limbay Gin 0,2l | Vinoteka Sod\u010dek","robots":{"index":"index","follow":"follow","max-snippet":"max-snippet:-1","max-image-preview":"max-image-preview:large","max-video-preview":"max-video-preview:-1"},"og_locale":"en_US","og_type":"article","og_title":"[:sl]Limbay Gin 0,2l[:en]Limbay Gin 0,2l[:] | Vinoteka Sod\u010dek","og_description":"Limbay Gin is handmade and made according to the old tradition in a small home distillery created in 1954. The Limbay Gina taste is typical of the Adriatic Sea. It is...","og_url":"https:\/\/vinoteka-sodcek.si\/en\/shop\/gin\/limbay-gin-02l\/","og_site_name":"Vinoteka Sod\u010dek","article_publisher":"https:\/\/www.facebook.com\/vinotekasodcek\/","og_image":[{"width":514,"height":773,"url":"https:\/\/vinoteka-sodcek.si\/wp-content\/uploads\/gin02.jpg","type":"image\/jpeg"}],"twitter_card":"summary_large_image","schema":{"@context":"https:\/\/schema.org","@graph":[{"@type":"WebPage","@id":"https:\/\/vinoteka-sodcek.si\/trgovina\/gin\/limbay-gin-02l\/","url":"https:\/\/vinoteka-sodcek.si\/trgovina\/gin\/limbay-gin-02l\/","name":"[:sl]Limbay Gin 0,2l[:en]Limbay Gin 0,2l[:] | Vinoteka Sod\u010dek","isPartOf":{"@id":"https:\/\/vinoteka-sodcek.si\/#website"},"primaryImageOfPage":{"@id":"https:\/\/vinoteka-sodcek.si\/trgovina\/gin\/limbay-gin-02l\/#primaryimage"},"image":{"@id":"https:\/\/vinoteka-sodcek.si\/trgovina\/gin\/limbay-gin-02l\/#primaryimage"},"thumbnailUrl":"https:\/\/vinoteka-sodcek.si\/wp-content\/uploads\/gin02.jpg","datePublished":"2024-03-15T16:20:41+00:00","dateModified":"2024-03-15T16:20:41+00:00","breadcrumb":{"@id":"https:\/\/vinoteka-sodcek.si\/trgovina\/gin\/limbay-gin-02l\/#breadcrumb"},"inLanguage":"en-US","potentialAction":[{"@type":"ReadAction","target":["https:\/\/vinoteka-sodcek.si\/trgovina\/gin\/limbay-gin-02l\/"]}]},{"@type":"ImageObject","inLanguage":"en-US","@id":"https:\/\/vinoteka-sodcek.si\/trgovina\/gin\/limbay-gin-02l\/#primaryimage","url":"https:\/\/vinoteka-sodcek.si\/wp-content\/uploads\/gin02.jpg","contentUrl":"https:\/\/vinoteka-sodcek.si\/wp-content\/uploads\/gin02.jpg","width":514,"height":773},{"@type":"BreadcrumbList","@id":"https:\/\/vinoteka-sodcek.si\/trgovina\/gin\/limbay-gin-02l\/#breadcrumb","itemListElement":[{"@type":"ListItem","position":1,"name":"Home","item":"https:\/\/vinoteka-sodcek.si\/en\/"},{"@type":"ListItem","position":2,"name":"Trgovina","item":"https:\/\/vinoteka-sodcek.si\/trgovina\/"},{"@type":"ListItem","position":3,"name":"Limbay Gin 0,2l"}]},{"@type":"WebSite","@id":"https:\/\/vinoteka-sodcek.si\/#website","url":"https:\/\/vinoteka-sodcek.si\/","name":"Vinoteka Sod\u010dek","description":"Vinoteka z vrhunskimi vini","publisher":{"@id":"https:\/\/vinoteka-sodcek.si\/#organization"},"potentialAction":[{"@type":"SearchAction","target":{"@type":"EntryPoint","urlTemplate":"https:\/\/vinoteka-sodcek.si\/?s={search_term_string}"},"query-input":"required name=search_term_string"}],"inLanguage":"en-US"},{"@type":"Organization","@id":"https:\/\/vinoteka-sodcek.si\/#organization","name":"Vinoteka Sod\u010dek, Ale\u0161 \u010ceba\u0161ek s.p.","url":"https:\/\/vinoteka-sodcek.si\/","logo":{"@type":"ImageObject","inLanguage":"en-US","@id":"https:\/\/vinoteka-sodcek.si\/#\/schema\/logo\/image\/","url":"https:\/\/beta.vinoteka-sodcek.si\/wp-content\/uploads\/vinoteka-sodcek-logo.png","contentUrl":"https:\/\/beta.vinoteka-sodcek.si\/wp-content\/uploads\/vinoteka-sodcek-logo.png","width":300,"height":90,"caption":"Vinoteka Sod\u010dek, Ale\u0161 \u010ceba\u0161ek s.p."},"image":{"@id":"https:\/\/vinoteka-sodcek.si\/#\/schema\/logo\/image\/"},"sameAs":["https:\/\/www.facebook.com\/vinotekasodcek\/"]}]}},"_links":{"self":[{"href":"https:\/\/vinoteka-sodcek.si\/en\/wp-json\/\/wp\/v2\/product\/927"}],"collection":[{"href":"https:\/\/vinoteka-sodcek.si\/en\/wp-json\/\/wp\/v2\/product"}],"about":[{"href":"https:\/\/vinoteka-sodcek.si\/en\/wp-json\/\/wp\/v2\/types\/product"}],"wp:featuredmedia":[{"embeddable":true,"href":"https:\/\/vinoteka-sodcek.si\/en\/wp-json\/\/wp\/v2\/media\/926"}],"wp:attachment":[{"href":"https:\/\/vinoteka-sodcek.si\/en\/wp-json\/\/wp\/v2\/media?parent=927"}],"wp:term":[{"taxonomy":"product_cat","embeddable":true,"href":"https:\/\/vinoteka-sodcek.si\/en\/wp-json\/\/wp\/v2\/product_cat?post=927"},{"taxonomy":"product_tag","embeddable":true,"href":"https:\/\/vinoteka-sodcek.si\/en\/wp-json\/\/wp\/v2\/product_tag?post=927"}],"curies":[{"name":"wp","href":"https:\/\/api.w.org\/{rel}","templated":true}]}}